{"id":2469,"date":"2026-01-24T22:18:32","date_gmt":"2026-01-24T22:18:32","guid":{"rendered":"https:\/\/a-1000eletro.com.br\/?page_id=2469"},"modified":"2026-01-24T22:19:33","modified_gmt":"2026-01-24T22:19:33","slug":"cupons-desconto","status":"publish","type":"page","link":"https:\/\/a-1000eletro.com.br\/pt\/cupons-desconto\/","title":{"rendered":"Cupons Desconto"},"content":{"rendered":"<div data-elementor-type=\"wp-page\" data-elementor-id=\"2469\" class=\"elementor elementor-2469\" data-elementor-settings=\"{&quot;ha_cmc_init_switcher&quot;:&quot;no&quot;}\">\n\t\t\t\t<div class=\"elementor-element elementor-element-557c93c e-flex e-con-boxed wpr-particle-no wpr-jarallax-no wpr-parallax-no wpr-sticky-section-no wpr-equal-height-no e-con e-parent\" data-id=\"557c93c\" data-element_type=\"container\" data-e-type=\"container\" data-settings=\"{&quot;_ha_eqh_enable&quot;:false}\">\n\t\t\t\t\t<div class=\"e-con-inner\">\n\t\t\t\t<div class=\"elementor-element elementor-element-da8f4bb elementor-widget elementor-widget-text-editor\" data-id=\"da8f4bb\" data-element_type=\"widget\" data-e-type=\"widget\" data-widget_type=\"text-editor.default\">\n\t\t\t\t\t\t\t\t\t<p data-start=\"120\" data-end=\"406\">Para utilizar um <strong data-start=\"137\" data-end=\"187\">cupom de desconto promocional da A-1000 ELETRO<\/strong>, adicione o(s) produto(s) desejado(s) \u00e0 <strong data-start=\"228\" data-end=\"249\">Sacola de compras<\/strong> e, na etapa de revis\u00e3o do pedido, localize a op\u00e7\u00e3o <strong data-start=\"301\" data-end=\"324\">\u201cCupom de desconto\u201d<\/strong>, clique em <strong data-start=\"336\" data-end=\"351\">\u201cAdicionar\u201d<\/strong> ou <strong data-start=\"355\" data-end=\"368\">\u201cInserir\u201d<\/strong>, digite o c\u00f3digo do cupom e confirme.<\/p><p data-start=\"408\" data-end=\"783\"><strong data-start=\"408\" data-end=\"423\">IMPORTANTE:<\/strong> os cupons promocionais possuem <strong data-start=\"455\" data-end=\"480\">quantidades limitadas<\/strong>. Aplicar o cupom na Sacola de compras <strong data-start=\"519\" data-end=\"546\">n\u00e3o garante sua reserva<\/strong>. O cupom somente ser\u00e1 considerado v\u00e1lido ap\u00f3s a <strong data-start=\"595\" data-end=\"650\">finaliza\u00e7\u00e3o da compra e gera\u00e7\u00e3o do n\u00famero do pedido<\/strong>. Em a\u00e7\u00f5es promocionais, os estoques podem se esgotar rapidamente; portanto, se gostou da oferta, finalize seu pedido o quanto antes.<\/p><p data-start=\"785\" data-end=\"1039\">O desconto ser\u00e1 aplicado sempre sobre o <strong data-start=\"825\" data-end=\"852\">valor promocional (POR)<\/strong> do produto ou de uma lista de produtos eleg\u00edveis, <strong data-start=\"903\" data-end=\"946\">n\u00e3o sendo v\u00e1lido sobre o valor do frete<\/strong> nem sobre <strong data-start=\"957\" data-end=\"980\">servi\u00e7os adicionais<\/strong>, como garantia estendida ou prote\u00e7\u00e3o contra roubo e furto.<\/p><p data-start=\"1041\" data-end=\"1239\">O desconto do cupom <strong data-start=\"1061\" data-end=\"1115\">n\u00e3o \u00e9 cumulativo com desconto para compras \u00e0 vista<\/strong>, quando dispon\u00edvel. Nesses casos, o valor \u00e0 vista ser\u00e1 <strong data-start=\"1171\" data-end=\"1212\">recalculado ap\u00f3s a aplica\u00e7\u00e3o do cupom<\/strong> sobre o pre\u00e7o promocional.<\/p><p data-start=\"1241\" data-end=\"1532\">\u00c9 permitido o uso de <strong data-start=\"1262\" data-end=\"1306\">apenas 1 (um) cupom por pedido e por CPF<\/strong>, n\u00e3o sendo cumulativo com outros cupons ou <strong data-start=\"1350\" data-end=\"1367\">Vale-Presente<\/strong>. Ap\u00f3s a finaliza\u00e7\u00e3o do pedido, <strong data-start=\"1399\" data-end=\"1445\">n\u00e3o ser\u00e1 poss\u00edvel reutilizar o mesmo cupom<\/strong>. Em nenhuma hip\u00f3tese o cupom ser\u00e1 convertido em dinheiro ou em qualquer outro servi\u00e7o.<\/p><p data-start=\"1534\" data-end=\"1715\">O benef\u00edcio \u00e9 destinado <strong data-start=\"1558\" data-end=\"1646\">exclusivamente aos clientes participantes das campanhas e promo\u00e7\u00f5es da A-1000 ELETRO<\/strong>, sendo proibida sua comercializa\u00e7\u00e3o ou transfer\u00eancia para terceiros.<\/p><p data-start=\"1717\" data-end=\"1799\">O c\u00f3digo do cupom deve ser <strong data-start=\"1744\" data-end=\"1782\">digitado exatamente como informado<\/strong>, sem altera\u00e7\u00f5es.<\/p><p data-start=\"1801\" data-end=\"1951\">Refor\u00e7amos que a simples aplica\u00e7\u00e3o do cupom na Sacola de compras <strong data-start=\"1866\" data-end=\"1894\">n\u00e3o garante sua validade<\/strong>, que s\u00f3 \u00e9 confirmada ap\u00f3s a gera\u00e7\u00e3o do n\u00famero do pedido.<\/p><p data-start=\"1953\" data-end=\"1979\">Por fim, verifique sempre:<\/p><ul data-start=\"1980\" data-end=\"2105\"><li data-start=\"1980\" data-end=\"2015\"><p data-start=\"1982\" data-end=\"2015\">A <strong data-start=\"1984\" data-end=\"2004\">data de validade<\/strong> do cupom<\/p><\/li><li data-start=\"2016\" data-end=\"2061\"><p data-start=\"2018\" data-end=\"2061\">Os <strong data-start=\"2021\" data-end=\"2059\">produtos e\/ou categorias eleg\u00edveis<\/strong><\/p><\/li><li data-start=\"2062\" data-end=\"2105\"><p data-start=\"2064\" data-end=\"2105\">Se o c\u00f3digo foi <strong data-start=\"2080\" data-end=\"2105\">digitado corretamente<\/strong><\/p><\/li><\/ul>\t\t\t\t\t\t\t\t<\/div>\n\t\t\t\t\t<\/div>\n\t\t\t\t<\/div>\n\t\t\t\t<\/div>","protected":false},"excerpt":{"rendered":"<p>Para utilizar um cupom de desconto promocional da A-1000 ELETRO, adicione o(s) produto(s) desejado(s) \u00e0 Sacola de compras e, na etapa de revis\u00e3o do pedido, localize a op\u00e7\u00e3o \u201cCupom de desconto\u201d, clique em \u201cAdicionar\u201d ou \u201cInserir\u201d, digite o c\u00f3digo do cupom e confirme. IMPORTANTE: os cupons promocionais possuem quantidades limitadas. Aplicar o cupom na Sacola de compras n\u00e3o garante sua reserva. O cupom somente ser\u00e1 considerado v\u00e1lido ap\u00f3s a finaliza\u00e7\u00e3o da compra e gera\u00e7\u00e3o do n\u00famero do pedido. Em a\u00e7\u00f5es promocionais, os estoques podem se esgotar rapidamente; portanto, se gostou da oferta, finalize seu pedido o quanto antes. O desconto ser\u00e1 aplicado sempre sobre o valor promocional (POR) do produto ou de uma lista de produtos eleg\u00edveis, n\u00e3o sendo v\u00e1lido sobre o valor do frete nem sobre servi\u00e7os adicionais, como garantia estendida ou prote\u00e7\u00e3o contra roubo e furto. O desconto do cupom n\u00e3o \u00e9 cumulativo com desconto para compras \u00e0 vista, quando dispon\u00edvel. Nesses casos, o valor \u00e0 vista ser\u00e1 recalculado ap\u00f3s a aplica\u00e7\u00e3o do cupom sobre o pre\u00e7o promocional. \u00c9 permitido o uso de apenas 1 (um) cupom por pedido e por CPF, n\u00e3o sendo cumulativo com outros cupons ou Vale-Presente. Ap\u00f3s a finaliza\u00e7\u00e3o do pedido, n\u00e3o ser\u00e1 poss\u00edvel reutilizar o mesmo cupom. Em nenhuma hip\u00f3tese o cupom ser\u00e1 convertido em dinheiro ou em qualquer outro servi\u00e7o. O benef\u00edcio \u00e9 destinado exclusivamente aos clientes participantes das campanhas e promo\u00e7\u00f5es da A-1000 ELETRO, sendo proibida sua comercializa\u00e7\u00e3o ou transfer\u00eancia para terceiros. O c\u00f3digo do cupom deve ser digitado exatamente como informado, sem altera\u00e7\u00f5es. Refor\u00e7amos que a simples aplica\u00e7\u00e3o do cupom na Sacola de compras n\u00e3o garante sua validade, que s\u00f3 \u00e9 confirmada ap\u00f3s a gera\u00e7\u00e3o do n\u00famero do pedido. Por fim, verifique sempre: A data de validade do cupom Os produtos e\/ou categorias eleg\u00edveis Se o c\u00f3digo foi digitado corretamente<\/p>","protected":false},"author":1,"featured_media":0,"parent":0,"menu_order":0,"comment_status":"closed","ping_status":"closed","template":"","meta":{"_joinchat":[],"footnotes":""},"class_list":["post-2469","page","type-page","status-publish","hentry"],"yoast_head":"<!-- This site is optimized with the Yoast SEO Premium plugin v26.9 (Yoast SEO v27.4) - https:\/\/yoast.com\/product\/yoast-seo-premium-wordpress\/ -->\n<title>Cupons Desconto - a-1000 Eletro<\/title>\n<meta name=\"robots\" content=\"index, follow, max-snippet:-1, max-image-preview:large, max-video-preview:-1\" \/>\n<link rel=\"canonical\" href=\"https:\/\/a-1000eletro.com.br\/pt\/cupons-desconto\/\" \/>\n<meta property=\"og:locale\" content=\"pt_BR\" \/>\n<meta property=\"og:type\" content=\"article\" \/>\n<meta property=\"og:title\" content=\"Cupons Desconto\" \/>\n<meta property=\"og:description\" content=\"Para utilizar um cupom de desconto promocional da A-1000 ELETRO, adicione o(s) produto(s) desejado(s) \u00e0 Sacola de compras e, na etapa de revis\u00e3o do pedido, localize a op\u00e7\u00e3o \u201cCupom de desconto\u201d, clique em \u201cAdicionar\u201d ou \u201cInserir\u201d, digite o c\u00f3digo do cupom e confirme. IMPORTANTE: os cupons promocionais possuem quantidades limitadas. Aplicar o cupom na Sacola de compras n\u00e3o garante sua reserva. O cupom somente ser\u00e1 considerado v\u00e1lido ap\u00f3s a finaliza\u00e7\u00e3o da compra e gera\u00e7\u00e3o do n\u00famero do pedido. Em a\u00e7\u00f5es promocionais, os estoques podem se esgotar rapidamente; portanto, se gostou da oferta, finalize seu pedido o quanto antes. O desconto ser\u00e1 aplicado sempre sobre o valor promocional (POR) do produto ou de uma lista de produtos eleg\u00edveis, n\u00e3o sendo v\u00e1lido sobre o valor do frete nem sobre servi\u00e7os adicionais, como garantia estendida ou prote\u00e7\u00e3o contra roubo e furto. O desconto do cupom n\u00e3o \u00e9 cumulativo com desconto para compras \u00e0 vista, quando dispon\u00edvel. Nesses casos, o valor \u00e0 vista ser\u00e1 recalculado ap\u00f3s a aplica\u00e7\u00e3o do cupom sobre o pre\u00e7o promocional. \u00c9 permitido o uso de apenas 1 (um) cupom por pedido e por CPF, n\u00e3o sendo cumulativo com outros cupons ou Vale-Presente. Ap\u00f3s a finaliza\u00e7\u00e3o do pedido, n\u00e3o ser\u00e1 poss\u00edvel reutilizar o mesmo cupom. Em nenhuma hip\u00f3tese o cupom ser\u00e1 convertido em dinheiro ou em qualquer outro servi\u00e7o. O benef\u00edcio \u00e9 destinado exclusivamente aos clientes participantes das campanhas e promo\u00e7\u00f5es da A-1000 ELETRO, sendo proibida sua comercializa\u00e7\u00e3o ou transfer\u00eancia para terceiros. O c\u00f3digo do cupom deve ser digitado exatamente como informado, sem altera\u00e7\u00f5es. Refor\u00e7amos que a simples aplica\u00e7\u00e3o do cupom na Sacola de compras n\u00e3o garante sua validade, que s\u00f3 \u00e9 confirmada ap\u00f3s a gera\u00e7\u00e3o do n\u00famero do pedido. Por fim, verifique sempre: A data de validade do cupom Os produtos e\/ou categorias eleg\u00edveis Se o c\u00f3digo foi digitado corretamente\" \/>\n<meta property=\"og:url\" content=\"https:\/\/a-1000eletro.com.br\/pt\/cupons-desconto\/\" \/>\n<meta property=\"og:site_name\" content=\"a-1000 Eletro\" \/>\n<meta property=\"article:modified_time\" content=\"2026-01-24T22:19:33+00:00\" \/>\n<meta name=\"twitter:card\" content=\"summary_large_image\" \/>\n<meta name=\"twitter:label1\" content=\"Est. tempo de leitura\" \/>\n\t<meta name=\"twitter:data1\" content=\"2 minutos\" \/>\n<script type=\"application\/ld+json\" class=\"yoast-schema-graph\">{\"@context\":\"https:\\\/\\\/schema.org\",\"@graph\":[{\"@type\":\"WebPage\",\"@id\":\"https:\\\/\\\/a-1000eletro.com.br\\\/cupons-desconto\\\/\",\"url\":\"https:\\\/\\\/a-1000eletro.com.br\\\/cupons-desconto\\\/\",\"name\":\"Cupons Desconto - a-1000 Eletro\",\"isPartOf\":{\"@id\":\"https:\\\/\\\/a-1000eletro.com.br\\\/#website\"},\"datePublished\":\"2026-01-24T22:18:32+00:00\",\"dateModified\":\"2026-01-24T22:19:33+00:00\",\"breadcrumb\":{\"@id\":\"https:\\\/\\\/a-1000eletro.com.br\\\/cupons-desconto\\\/#breadcrumb\"},\"inLanguage\":\"pt-BR\",\"potentialAction\":[{\"@type\":\"ReadAction\",\"target\":[\"https:\\\/\\\/a-1000eletro.com.br\\\/cupons-desconto\\\/\"]}]},{\"@type\":\"BreadcrumbList\",\"@id\":\"https:\\\/\\\/a-1000eletro.com.br\\\/cupons-desconto\\\/#breadcrumb\",\"itemListElement\":[{\"@type\":\"ListItem\",\"position\":1,\"name\":\"In\u00edcio\",\"item\":\"https:\\\/\\\/a-1000eletro.com.br\\\/\"},{\"@type\":\"ListItem\",\"position\":2,\"name\":\"Cupons Desconto\"}]},{\"@type\":\"WebSite\",\"@id\":\"https:\\\/\\\/a-1000eletro.com.br\\\/#website\",\"url\":\"https:\\\/\\\/a-1000eletro.com.br\\\/\",\"name\":\"a-1000 Eletro\",\"description\":\"\",\"potentialAction\":[{\"@type\":\"SearchAction\",\"target\":{\"@type\":\"EntryPoint\",\"urlTemplate\":\"https:\\\/\\\/a-1000eletro.com.br\\\/?s={search_term_string}\"},\"query-input\":{\"@type\":\"PropertyValueSpecification\",\"valueRequired\":true,\"valueName\":\"search_term_string\"}}],\"inLanguage\":\"pt-BR\"}]}<\/script>\n<!-- \/ Yoast SEO Premium plugin. -->","yoast_head_json":{"title":"Cupons Desconto - a-1000 Eletro","robots":{"index":"index","follow":"follow","max-snippet":"max-snippet:-1","max-image-preview":"max-image-preview:large","max-video-preview":"max-video-preview:-1"},"canonical":"https:\/\/a-1000eletro.com.br\/pt\/cupons-desconto\/","og_locale":"pt_BR","og_type":"article","og_title":"Cupons Desconto","og_description":"Para utilizar um cupom de desconto promocional da A-1000 ELETRO, adicione o(s) produto(s) desejado(s) \u00e0 Sacola de compras e, na etapa de revis\u00e3o do pedido, localize a op\u00e7\u00e3o \u201cCupom de desconto\u201d, clique em \u201cAdicionar\u201d ou \u201cInserir\u201d, digite o c\u00f3digo do cupom e confirme. IMPORTANTE: os cupons promocionais possuem quantidades limitadas. Aplicar o cupom na Sacola de compras n\u00e3o garante sua reserva. O cupom somente ser\u00e1 considerado v\u00e1lido ap\u00f3s a finaliza\u00e7\u00e3o da compra e gera\u00e7\u00e3o do n\u00famero do pedido. Em a\u00e7\u00f5es promocionais, os estoques podem se esgotar rapidamente; portanto, se gostou da oferta, finalize seu pedido o quanto antes. O desconto ser\u00e1 aplicado sempre sobre o valor promocional (POR) do produto ou de uma lista de produtos eleg\u00edveis, n\u00e3o sendo v\u00e1lido sobre o valor do frete nem sobre servi\u00e7os adicionais, como garantia estendida ou prote\u00e7\u00e3o contra roubo e furto. O desconto do cupom n\u00e3o \u00e9 cumulativo com desconto para compras \u00e0 vista, quando dispon\u00edvel. Nesses casos, o valor \u00e0 vista ser\u00e1 recalculado ap\u00f3s a aplica\u00e7\u00e3o do cupom sobre o pre\u00e7o promocional. \u00c9 permitido o uso de apenas 1 (um) cupom por pedido e por CPF, n\u00e3o sendo cumulativo com outros cupons ou Vale-Presente. Ap\u00f3s a finaliza\u00e7\u00e3o do pedido, n\u00e3o ser\u00e1 poss\u00edvel reutilizar o mesmo cupom. Em nenhuma hip\u00f3tese o cupom ser\u00e1 convertido em dinheiro ou em qualquer outro servi\u00e7o. O benef\u00edcio \u00e9 destinado exclusivamente aos clientes participantes das campanhas e promo\u00e7\u00f5es da A-1000 ELETRO, sendo proibida sua comercializa\u00e7\u00e3o ou transfer\u00eancia para terceiros. O c\u00f3digo do cupom deve ser digitado exatamente como informado, sem altera\u00e7\u00f5es. Refor\u00e7amos que a simples aplica\u00e7\u00e3o do cupom na Sacola de compras n\u00e3o garante sua validade, que s\u00f3 \u00e9 confirmada ap\u00f3s a gera\u00e7\u00e3o do n\u00famero do pedido. Por fim, verifique sempre: A data de validade do cupom Os produtos e\/ou categorias eleg\u00edveis Se o c\u00f3digo foi digitado corretamente","og_url":"https:\/\/a-1000eletro.com.br\/pt\/cupons-desconto\/","og_site_name":"a-1000 Eletro","article_modified_time":"2026-01-24T22:19:33+00:00","twitter_card":"summary_large_image","twitter_misc":{"Est. tempo de leitura":"2 minutos"},"schema":{"@context":"https:\/\/schema.org","@graph":[{"@type":"WebPage","@id":"https:\/\/a-1000eletro.com.br\/cupons-desconto\/","url":"https:\/\/a-1000eletro.com.br\/cupons-desconto\/","name":"Cupons Desconto - a-1000 Eletro","isPartOf":{"@id":"https:\/\/a-1000eletro.com.br\/#website"},"datePublished":"2026-01-24T22:18:32+00:00","dateModified":"2026-01-24T22:19:33+00:00","breadcrumb":{"@id":"https:\/\/a-1000eletro.com.br\/cupons-desconto\/#breadcrumb"},"inLanguage":"pt-BR","potentialAction":[{"@type":"ReadAction","target":["https:\/\/a-1000eletro.com.br\/cupons-desconto\/"]}]},{"@type":"BreadcrumbList","@id":"https:\/\/a-1000eletro.com.br\/cupons-desconto\/#breadcrumb","itemListElement":[{"@type":"ListItem","position":1,"name":"In\u00edcio","item":"https:\/\/a-1000eletro.com.br\/"},{"@type":"ListItem","position":2,"name":"Cupons Desconto"}]},{"@type":"WebSite","@id":"https:\/\/a-1000eletro.com.br\/#website","url":"https:\/\/a-1000eletro.com.br\/","name":"a-1000 Eletro","description":"","potentialAction":[{"@type":"SearchAction","target":{"@type":"EntryPoint","urlTemplate":"https:\/\/a-1000eletro.com.br\/?s={search_term_string}"},"query-input":{"@type":"PropertyValueSpecification","valueRequired":true,"valueName":"search_term_string"}}],"inLanguage":"pt-BR"}]}},"acf":[],"_links":{"self":[{"href":"https:\/\/a-1000eletro.com.br\/pt\/wp-json\/wp\/v2\/pages\/2469","targetHints":{"allow":["GET"]}}],"collection":[{"href":"https:\/\/a-1000eletro.com.br\/pt\/wp-json\/wp\/v2\/pages"}],"about":[{"href":"https:\/\/a-1000eletro.com.br\/pt\/wp-json\/wp\/v2\/types\/page"}],"author":[{"embeddable":true,"href":"https:\/\/a-1000eletro.com.br\/pt\/wp-json\/wp\/v2\/users\/1"}],"replies":[{"embeddable":true,"href":"https:\/\/a-1000eletro.com.br\/pt\/wp-json\/wp\/v2\/comments?post=2469"}],"version-history":[{"count":4,"href":"https:\/\/a-1000eletro.com.br\/pt\/wp-json\/wp\/v2\/pages\/2469\/revisions"}],"predecessor-version":[{"id":2473,"href":"https:\/\/a-1000eletro.com.br\/pt\/wp-json\/wp\/v2\/pages\/2469\/revisions\/2473"}],"wp:attachment":[{"href":"https:\/\/a-1000eletro.com.br\/pt\/wp-json\/wp\/v2\/media?parent=2469"}],"curies":[{"name":"wp","href":"https:\/\/api.w.org\/{rel}","templated":true}]}}